{"id":273,"date":"2025-04-02T11:52:49","date_gmt":"2025-04-02T11:52:49","guid":{"rendered":"https:\/\/eureka-offices.ch\/project\/"},"modified":"2025-07-16T07:44:13","modified_gmt":"2025-07-16T07:44:13","slug":"project","status":"publish","type":"page","link":"https:\/\/eureka-offices.ch\/fr\/project\/","title":{"rendered":"Projet"},"content":{"rendered":"","protected":false},"excerpt":{"rendered":"","protected":false},"author":2,"featured_media":0,"parent":0,"menu_order":0,"comment_status":"closed","ping_status":"closed","template":"","meta":{"_acf_changed":false,"inline_featured_image":false,"footnotes":""},"class_list":["post-273","page","type-page","status-publish","hentry"],"acf":[],"yoast_head":"<!-- This site is optimized with the Yoast SEO plugin v25.3 - https:\/\/yoast.com\/wordpress\/plugins\/seo\/ -->\n<title>Eureka - Des espaces cl\u00e9s en main<\/title>\n<meta name=\"description\" content=\"Espaces pr\u00eats \u00e0 l&#039;emploi jusqu&#039;\u00e0 500 postes de travail, enti\u00e8rement \u00e9quip\u00e9s et connect\u00e9s.\" \/>\n<meta name=\"robots\" content=\"index, follow, max-snippet:-1, max-image-preview:large, max-video-preview:-1\" \/>\n<link rel=\"canonical\" href=\"https:\/\/eureka-offices.ch\/fr\/project\/\" \/>\n<meta property=\"og:locale\" content=\"fr_FR\" \/>\n<meta property=\"og:type\" content=\"article\" \/>\n<meta property=\"og:title\" content=\"Eureka - Des espaces cl\u00e9s en main\" \/>\n<meta property=\"og:description\" content=\"Espaces pr\u00eats \u00e0 l&#039;emploi jusqu&#039;\u00e0 500 postes de travail, enti\u00e8rement \u00e9quip\u00e9s et connect\u00e9s.\" \/>\n<meta property=\"og:url\" content=\"https:\/\/eureka-offices.ch\/fr\/project\/\" \/>\n<meta property=\"og:site_name\" content=\"Eureka\" \/>\n<meta property=\"article:modified_time\" content=\"2025-07-16T07:44:13+00:00\" \/>\n<meta name=\"twitter:card\" content=\"summary_large_image\" \/>\n<script type=\"application\/ld+json\" class=\"yoast-schema-graph\">{\"@context\":\"https:\/\/schema.org\",\"@graph\":[{\"@type\":\"WebPage\",\"@id\":\"https:\/\/eureka-offices.ch\/fr\/project\/\",\"url\":\"https:\/\/eureka-offices.ch\/fr\/project\/\",\"name\":\"Eureka - Des espaces cl\u00e9s en main\",\"isPartOf\":{\"@id\":\"https:\/\/eureka-offices.ch\/fr\/#website\"},\"datePublished\":\"2025-04-02T11:52:49+00:00\",\"dateModified\":\"2025-07-16T07:44:13+00:00\",\"description\":\"Espaces pr\u00eats \u00e0 l'emploi jusqu'\u00e0 500 postes de travail, enti\u00e8rement \u00e9quip\u00e9s et connect\u00e9s.\",\"breadcrumb\":{\"@id\":\"https:\/\/eureka-offices.ch\/fr\/project\/#breadcrumb\"},\"inLanguage\":\"fr-FR\",\"potentialAction\":[{\"@type\":\"ReadAction\",\"target\":[\"https:\/\/eureka-offices.ch\/fr\/project\/\"]}]},{\"@type\":\"BreadcrumbList\",\"@id\":\"https:\/\/eureka-offices.ch\/fr\/project\/#breadcrumb\",\"itemListElement\":[{\"@type\":\"ListItem\",\"position\":1,\"name\":\"Home\",\"item\":\"https:\/\/eureka-offices.ch\/fr\/\"},{\"@type\":\"ListItem\",\"position\":2,\"name\":\"Projet\"}]},{\"@type\":\"WebSite\",\"@id\":\"https:\/\/eureka-offices.ch\/fr\/#website\",\"url\":\"https:\/\/eureka-offices.ch\/fr\/\",\"name\":\"Eureka\",\"description\":\"Welcome to our innovative transition space in Meyrin Vernier\",\"potentialAction\":[{\"@type\":\"SearchAction\",\"target\":{\"@type\":\"EntryPoint\",\"urlTemplate\":\"https:\/\/eureka-offices.ch\/fr\/?s={search_term_string}\"},\"query-input\":{\"@type\":\"PropertyValueSpecification\",\"valueRequired\":true,\"valueName\":\"search_term_string\"}}],\"inLanguage\":\"fr-FR\"}]}<\/script>\n<!-- \/ Yoast SEO plugin. -->","yoast_head_json":{"title":"Eureka - Des espaces cl\u00e9s en main","description":"Espaces pr\u00eats \u00e0 l'emploi jusqu'\u00e0 500 postes de travail, enti\u00e8rement \u00e9quip\u00e9s et connect\u00e9s.","robots":{"index":"index","follow":"follow","max-snippet":"max-snippet:-1","max-image-preview":"max-image-preview:large","max-video-preview":"max-video-preview:-1"},"canonical":"https:\/\/eureka-offices.ch\/fr\/project\/","og_locale":"fr_FR","og_type":"article","og_title":"Eureka - Des espaces cl\u00e9s en main","og_description":"Espaces pr\u00eats \u00e0 l'emploi jusqu'\u00e0 500 postes de travail, enti\u00e8rement \u00e9quip\u00e9s et connect\u00e9s.","og_url":"https:\/\/eureka-offices.ch\/fr\/project\/","og_site_name":"Eureka","article_modified_time":"2025-07-16T07:44:13+00:00","twitter_card":"summary_large_image","schema":{"@context":"https:\/\/schema.org","@graph":[{"@type":"WebPage","@id":"https:\/\/eureka-offices.ch\/fr\/project\/","url":"https:\/\/eureka-offices.ch\/fr\/project\/","name":"Eureka - Des espaces cl\u00e9s en main","isPartOf":{"@id":"https:\/\/eureka-offices.ch\/fr\/#website"},"datePublished":"2025-04-02T11:52:49+00:00","dateModified":"2025-07-16T07:44:13+00:00","description":"Espaces pr\u00eats \u00e0 l'emploi jusqu'\u00e0 500 postes de travail, enti\u00e8rement \u00e9quip\u00e9s et connect\u00e9s.","breadcrumb":{"@id":"https:\/\/eureka-offices.ch\/fr\/project\/#breadcrumb"},"inLanguage":"fr-FR","potentialAction":[{"@type":"ReadAction","target":["https:\/\/eureka-offices.ch\/fr\/project\/"]}]},{"@type":"BreadcrumbList","@id":"https:\/\/eureka-offices.ch\/fr\/project\/#breadcrumb","itemListElement":[{"@type":"ListItem","position":1,"name":"Home","item":"https:\/\/eureka-offices.ch\/fr\/"},{"@type":"ListItem","position":2,"name":"Projet"}]},{"@type":"WebSite","@id":"https:\/\/eureka-offices.ch\/fr\/#website","url":"https:\/\/eureka-offices.ch\/fr\/","name":"Eureka","description":"Welcome to our innovative transition space in Meyrin Vernier","potentialAction":[{"@type":"SearchAction","target":{"@type":"EntryPoint","urlTemplate":"https:\/\/eureka-offices.ch\/fr\/?s={search_term_string}"},"query-input":{"@type":"PropertyValueSpecification","valueRequired":true,"valueName":"search_term_string"}}],"inLanguage":"fr-FR"}]}},"_links":{"self":[{"href":"https:\/\/eureka-offices.ch\/fr\/wp-json\/wp\/v2\/pages\/273","targetHints":{"allow":["GET"]}}],"collection":[{"href":"https:\/\/eureka-offices.ch\/fr\/wp-json\/wp\/v2\/pages"}],"about":[{"href":"https:\/\/eureka-offices.ch\/fr\/wp-json\/wp\/v2\/types\/page"}],"author":[{"embeddable":true,"href":"https:\/\/eureka-offices.ch\/fr\/wp-json\/wp\/v2\/users\/2"}],"replies":[{"embeddable":true,"href":"https:\/\/eureka-offices.ch\/fr\/wp-json\/wp\/v2\/comments?post=273"}],"version-history":[{"count":0,"href":"https:\/\/eureka-offices.ch\/fr\/wp-json\/wp\/v2\/pages\/273\/revisions"}],"wp:attachment":[{"href":"https:\/\/eureka-offices.ch\/fr\/wp-json\/wp\/v2\/media?parent=273"}],"curies":[{"name":"wp","href":"https:\/\/api.w.org\/{rel}","templated":true}]}}